{"id":103,"date":"2013-08-09T17:32:37","date_gmt":"2013-08-09T15:32:37","guid":{"rendered":"http:\/\/www.feuerwehr-kuden.de\/wcms\/?page_id=103"},"modified":"2013-08-09T17:32:37","modified_gmt":"2013-08-09T15:32:37","slug":"geschichte-der-feuerwehr","status":"publish","type":"page","link":"https:\/\/www.feuerwehr-kuden.de\/wcms\/wir-ueber-uns\/geschichte-der-feuerwehr\/","title":{"rendered":"Geschichte der Feuerwehr"},"content":{"rendered":"<p>Um \u00fcberhaupt einen organisierten Brandschutz in den D\u00f6rfern und Gemeinden zu gew\u00e4hrleisten gr\u00fcndeten 16 Gemeinden 1874 den Provinzial-Feuerwehrverband in Schleswig-Holstein. Unter diesen erfolgreichen Vorzeichen wurde schlie\u00dflich nach einem Gro\u00dfbrand in Kuden am 19. Februar 1887 die Freiwillige Feuerwehr Kuden gegr\u00fcndet.<br \/>\nDie Bauernschaft Kuden beschloss in ihrer Versammlung am 22. Januar 1887 f\u00fcr die Ausr\u00fcstung der Wehr eine Summe von 250,00 Reichsmark zu bewilligen und ein Spritzenhaus zu bauen. Am 27. August trat man dann dem Landesfeuerwehrverband Schleswig-Holstein bei, gab sich Statuten, wurde in die Feuerwehrunfallkasse aufgenommen und vom k\u00f6niglichen Landvogt genehmigt. Die Ausr\u00fcstung bestand anfangs aus einer K\u00fcbelspritze, Anstellleitern, Ledereimern und Feuerpatschen. Bis 1914 kam es im Dorf zu sieben schweren Br\u00e4nden sowie mehreren Waldbr\u00e4nden im Forst Christianslust.<\/p>\n<p>Mit dem Beginn des Nationalsozialismus gab es drastische \u00c4nderungen f\u00fcr die Feuerwehr. So wurde der Wehrvorstand entmachtet und der Name in Feuerschutzpolizei ge\u00e4ndert. Beide Weltkriege forderten viele Opfer aus den Reihen der Kameraden.<\/p>\n<p>1946 setzte ein Neubeginn, mit einer Mannschaftsst\u00e4rke von 27 Mitgliedern und zwei Anw\u00e4rtern sowie durch die Anschaffung einer Motorspritze und eines Wagens, ein. Bereits 1956 wurde mit dem Bau des eigenen Wasserwerkes und der Verlegung von Wasserleitungen mit Feuerl\u00f6schhydranten eine funktionierende L\u00f6schwasserversorgung sichergestellt.<br \/>\n1970 erhielt die Feuerwehr ihr erstes Fahrzeug (VW-Bus) nebst Schlauchwagenanh\u00e4nger. Dieses wurde 1986 durch ein sogenanntes Tragkraftspritzenfahrzeug abgel\u00f6st, welches 2012 zum 125-j\u00e4hrigen Bestehen wiederum durch das erste wasserf\u00fchrende L\u00f6schfahrzeug in der Gemeinde ersetzt wurde.<\/p>\n<p>&nbsp;<\/p>\n","protected":false},"excerpt":{"rendered":"Um \u00fcberhaupt einen organisierten Brandschutz in den D\u00f6rfern und Gemeinden zu gew\u00e4hrleisten gr\u00fcndeten 16 Gemeinden 1874 den Provinzial-Feuerwehrverband in Schleswig-Holstein. Unter diesen erfolgreichen Vorzeichen wurde &hellip;","protected":false},"author":3,"featured_media":0,"parent":2,"menu_order":9,"comment_status":"closed","ping_status":"open","template":"","meta":{"ngg_post_thumbnail":0,"_mc_calendar":[]},"_links":{"self":[{"href":"https:\/\/www.feuerwehr-kuden.de\/wcms\/wp-json\/wp\/v2\/pages\/103"}],"collection":[{"href":"https:\/\/www.feuerwehr-kuden.de\/wcms\/wp-json\/wp\/v2\/pages"}],"about":[{"href":"https:\/\/www.feuerwehr-kuden.de\/wcms\/wp-json\/wp\/v2\/types\/page"}],"author":[{"embeddable":true,"href":"https:\/\/www.feuerwehr-kuden.de\/wcms\/wp-json\/wp\/v2\/users\/3"}],"replies":[{"embeddable":true,"href":"https:\/\/www.feuerwehr-kuden.de\/wcms\/wp-json\/wp\/v2\/comments?post=103"}],"version-history":[{"count":5,"href":"https:\/\/www.feuerwehr-kuden.de\/wcms\/wp-json\/wp\/v2\/pages\/103\/revisions"}],"predecessor-version":[{"id":108,"href":"https:\/\/www.feuerwehr-kuden.de\/wcms\/wp-json\/wp\/v2\/pages\/103\/revisions\/108"}],"up":[{"embeddable":true,"href":"https:\/\/www.feuerwehr-kuden.de\/wcms\/wp-json\/wp\/v2\/pages\/2"}],"wp:attachment":[{"href":"https:\/\/www.feuerwehr-kuden.de\/wcms\/wp-json\/wp\/v2\/media?parent=103"}],"curies":[{"name":"wp","href":"https:\/\/api.w.org\/{rel}","templated":true}]}}