{"id":26,"date":"2013-08-04T17:15:55","date_gmt":"2013-08-04T15:15:55","guid":{"rendered":"http:\/\/www.feuerwehr-kuden.de\/wcms\/?page_id=26"},"modified":"2013-08-04T17:15:55","modified_gmt":"2013-08-04T15:15:55","slug":"sitemap","status":"publish","type":"page","link":"https:\/\/www.feuerwehr-kuden.de\/wcms\/sitemap\/","title":{"rendered":"Sitemap"},"content":{"rendered":"<div class=\"kwayy-html-sitemap-wrapper\"><h2 class=\"kwayy-html-sitemap-post-title kwayy-post-title\">Beitr\u00e4ge<\/h2><ul class=\"kwayy-html-sitemap-post-list kwayy-post-list\"><ul><li><a href=\"https:\/\/www.feuerwehr-kuden.de\/wcms\/2022\/einladung-lerne-uns-kennen\/\">12. Mai-Einladung f\u00fcr Dich...<\/a><\/li><li><a href=\"https:\/\/www.feuerwehr-kuden.de\/wcms\/2022\/uebergabe-firmenspende\/\">\u00dcbergabe Firmenspende<\/a><\/li><li><a href=\"https:\/\/www.feuerwehr-kuden.de\/wcms\/2013\/modul-atemschutznotfall\/\">Modul Atemschutznotfall<\/a><\/li><li><a href=\"https:\/\/www.feuerwehr-kuden.de\/wcms\/2013\/feuerwehrfuhrerschein-bestanden\/\">Feuerwehrf\u00fchrerschein bestanden<\/a><\/li><li><a href=\"https:\/\/www.feuerwehr-kuden.de\/wcms\/2013\/feuerwehr-hilft-beim-artenschutz\/\">Feuerwehr hilft beim Artenschutz<\/a><\/li><li><a href=\"https:\/\/www.feuerwehr-kuden.de\/wcms\/2018\/feuerwehrmann-stirbt-bei-brandeinsatz\/\">Feuerwehrmann stirbt bei Brandeinsatz<\/a><\/li><li><a href=\"https:\/\/www.feuerwehr-kuden.de\/wcms\/2017\/ubung-in-beengten-strasen\/\">\u00dcbung in beengten Stra\u00dfen<\/a><\/li><li><a href=\"https:\/\/www.feuerwehr-kuden.de\/wcms\/2013\/stationsausbildung\/\">Stationsausbildung<\/a><\/li><li><a href=\"https:\/\/www.feuerwehr-kuden.de\/wcms\/2015\/innenminister-ehrt-hauke-wulff\/\">Innenminister ehrt Hauke Wulff<\/a><\/li><li><a href=\"https:\/\/www.feuerwehr-kuden.de\/wcms\/2013\/dritte-stufe-der-brandschutzerziehung-erfolgreich-gezundet\/\">Dritte Stufe der Brandschutzerziehung erfolgreich gez\u00fcndet<\/a><\/li><li><a href=\"https:\/\/www.feuerwehr-kuden.de\/wcms\/2013\/forum-brandschutzerziehung-schleswig-holstein\/\">Forum Brandschutzerziehung Schleswig-Holstein<\/a><\/li><li><a href=\"https:\/\/www.feuerwehr-kuden.de\/wcms\/2013\/29-verloren\/\">2:9 verloren<\/a><\/li><li><a href=\"https:\/\/www.feuerwehr-kuden.de\/wcms\/2013\/neuer-anhanger-fur-die-jugend\/\">Neuer Anh\u00e4nger f\u00fcr die Jugend<\/a><\/li><li><a href=\"https:\/\/www.feuerwehr-kuden.de\/wcms\/2013\/kudener-helfen-in-brunsbuttel\/\">Kudener helfen in Brunsb\u00fcttel<\/a><\/li><li><a href=\"https:\/\/www.feuerwehr-kuden.de\/wcms\/2013\/presseeinsatz-bahnunfall-hochdonn\/\">Presseeinsatz Bahnunfall Hochdonn<\/a><\/li><li><a href=\"https:\/\/www.feuerwehr-kuden.de\/wcms\/2013\/10-km-marsch-in-nordfriesland\/\">10 km Marsch in Nordfriesland<\/a><\/li><li><a href=\"https:\/\/www.feuerwehr-kuden.de\/wcms\/2013\/feuer-und-baum-auf-dach-beim-chef-der-feuerwehr\/\">Feuer und Baum auf Dach beim Chef der Feuerwehr<\/a><\/li><li><a href=\"https:\/\/www.feuerwehr-kuden.de\/wcms\/2013\/verbinder-in-der-leitstelle-west\/\">Verbinder in der Leitstelle West<\/a><\/li><li><a href=\"https:\/\/www.feuerwehr-kuden.de\/wcms\/2013\/roland-matthias-stefan-und-finn\/\">NEU: Roland, Matthias, Stefan und Finn<\/a><\/li><li><a href=\"https:\/\/www.feuerwehr-kuden.de\/wcms\/2014\/experimentalunterricht\/\">Experimentalunterricht<\/a><\/li><li><a href=\"https:\/\/www.feuerwehr-kuden.de\/wcms\/2014\/zwei-neue-vorstandsmitglieder\/\">Zwei neue Vorstandsmitglieder<\/a><\/li><li><a href=\"https:\/\/www.feuerwehr-kuden.de\/wcms\/2015\/drei-neue-nach-probejahr-und-vorstandswahlen-im-eiltempo\/\">Drei Neue nach Probejahr und Vorstandswahlen im Eiltempo<\/a><\/li><li><a href=\"https:\/\/www.feuerwehr-kuden.de\/wcms\/2014\/gasaustritt-am-strasenrand\/\">Gasaustritt am Stra\u00dfenrand<\/a><\/li><li><a href=\"https:\/\/www.feuerwehr-kuden.de\/wcms\/2014\/pkw-uberschlagt-sich\/\">PKW \u00fcberschl\u00e4gt sich<\/a><\/li><li><a href=\"https:\/\/www.feuerwehr-kuden.de\/wcms\/2014\/brandverletzung-bei-innenbrandbekampfung\/\">Brandverletzung bei Innenbrandbek\u00e4mpfung<\/a><\/li><li><a href=\"https:\/\/www.feuerwehr-kuden.de\/wcms\/2014\/hohe-auszeichnung-fur-kay-ehlers\/\">Hohe Auszeichnung f\u00fcr Kay Ehlers<\/a><\/li><li><a href=\"https:\/\/www.feuerwehr-kuden.de\/wcms\/2014\/einsatz-62014\/\">Einsatz 6\/2014<\/a><\/li><li><a href=\"https:\/\/www.feuerwehr-kuden.de\/wcms\/2014\/brandschutzerziehung-beim-maifeuer\/\">Brandschutzerziehung beim Maifeuer<\/a><\/li><li><a href=\"https:\/\/www.feuerwehr-kuden.de\/wcms\/2014\/hurra-hurra-die-schule-brennt\/\">\"Hurra, hurra, die Schule brennt...\"<\/a><\/li><li><a href=\"https:\/\/www.feuerwehr-kuden.de\/wcms\/2014\/neuer-einsatz-ein-herd-ist-keine-lagerflache\/\">Neuer Einsatz: Ein Herd ist keine Lagerfl\u00e4che!<\/a><\/li><li><a href=\"https:\/\/www.feuerwehr-kuden.de\/wcms\/2014\/dienstabend-bei-der-werkfeuerwehr-sasol\/\">Dienstabend bei der Werkfeuerwehr Sasol<\/a><\/li><li><a href=\"https:\/\/www.feuerwehr-kuden.de\/wcms\/2014\/schneidversuche-am-pkw\/\">Schneidversuche am PKW<\/a><\/li><li><a href=\"https:\/\/www.feuerwehr-kuden.de\/wcms\/2014\/gemeinsame-einsatzubung\/\">Gemeinsame Einsatz\u00fcbung <\/a><\/li><li><a href=\"https:\/\/www.feuerwehr-kuden.de\/wcms\/2014\/neue-fuhrungsspitze-im-amt\/\">Neue F\u00fchrungsspitze im Amt<\/a><\/li><li><a href=\"https:\/\/www.feuerwehr-kuden.de\/wcms\/2014\/grunkohlessen-mit-uberraschung\/\">Gr\u00fcnkohlessen mit \u00dcberraschung<\/a><\/li><li><a href=\"https:\/\/www.feuerwehr-kuden.de\/wcms\/2015\/10-jahre-jugendfeuerwehr-buchholz-kuden-mit-feuerwerk\/\">10 Jahre Jugendfeuerwehr Buchholz-Kuden mit FeuerWerk<\/a><\/li><li><a href=\"https:\/\/www.feuerwehr-kuden.de\/wcms\/2015\/hausbewohner-loscht-entstehungsbrand\/\">Hausbewohner l\u00f6scht Entstehungsbrand<\/a><\/li><li><a href=\"https:\/\/www.feuerwehr-kuden.de\/wcms\/2015\/rene-und-roland-jugendarbeiter-mit-leib-und-seele\/\">Ren\u00e9 und Roland, Jugendarbeiter mit Leib und Seele<\/a><\/li><li><a href=\"https:\/\/www.feuerwehr-kuden.de\/wcms\/2015\/kuchenbrand\/\">K\u00fcchenbrand<\/a><\/li><li><a href=\"https:\/\/www.feuerwehr-kuden.de\/wcms\/2015\/pkw-brand\/\">PKW Brand<\/a><\/li><li><a href=\"https:\/\/www.feuerwehr-kuden.de\/wcms\/2015\/loschwasser-im-ausenbereich\/\">L\u00f6schwasser im Au\u00dfenbereich<\/a><\/li><li><a href=\"https:\/\/www.feuerwehr-kuden.de\/wcms\/2015\/feuer-klein\/\">Feuer klein<\/a><\/li><li><a href=\"https:\/\/www.feuerwehr-kuden.de\/wcms\/2015\/westkustenmarsch\/\">Westk\u00fcstenmarsch<\/a><\/li><li><a href=\"https:\/\/www.feuerwehr-kuden.de\/wcms\/2015\/einsatz-042015\/\">Einsatz 04\/2015<\/a><\/li><li><a href=\"https:\/\/www.feuerwehr-kuden.de\/wcms\/2015\/einsatz-052015-feu-g-y\/\">Einsatz 05\/2015 (FEU G Y)<\/a><\/li><li><a href=\"https:\/\/www.feuerwehr-kuden.de\/wcms\/2015\/sicherheitstipps-fur-eine-unbeschwerte-advents-und-weihnachtszeit\/\">Sicherheitstipps f\u00fcr eine unbeschwerte Advents- und Weihnachtszeit<\/a><\/li><li><a href=\"https:\/\/www.feuerwehr-kuden.de\/wcms\/2015\/wir-trauern\/\">Wir trauern!<\/a><\/li><li><a href=\"https:\/\/www.feuerwehr-kuden.de\/wcms\/2015\/1043\/\"><\/a><\/li><li><a href=\"https:\/\/www.feuerwehr-kuden.de\/wcms\/2016\/atemschutznotfalltasche\/\">Atemschutznotfalltasche<\/a><\/li><li><a href=\"https:\/\/www.feuerwehr-kuden.de\/wcms\/2015\/einsatz-062015-notfall-tv\/\">Einsatz 06\/2015 (Notfall TV)<\/a><\/li><li><a href=\"https:\/\/www.feuerwehr-kuden.de\/wcms\/2016\/wir-trauern-2\/\">Wir trauern!<\/a><\/li><li><a href=\"https:\/\/www.feuerwehr-kuden.de\/wcms\/2016\/sonke-hansen-neuer-kreiswehrfuhrer\/\">S\u00f6nke Han\u00dfen neuer Kreiswehrf\u00fchrer<\/a><\/li><li><a href=\"https:\/\/www.feuerwehr-kuden.de\/wcms\/2016\/neue-presseartikel-loschwasser-im-ausenbereich\/\">Neue Presseartikel \"L\u00f6schwasser im Au\u00dfenbereich\"<\/a><\/li><li><a href=\"https:\/\/www.feuerwehr-kuden.de\/wcms\/2016\/brandsicherheitswache-maifeuer\/\">Brandsicherheitswache Maifeuer<\/a><\/li><li><a href=\"https:\/\/www.feuerwehr-kuden.de\/wcms\/2016\/einladung-zum-sicherheitstag-am-19-juni\/\">Einladung zum Sicherheitstag am 19. Juni<\/a><\/li><li><a href=\"https:\/\/www.feuerwehr-kuden.de\/wcms\/2016\/erfolgreicher-sicherheitstag\/\">Erfolgreicher Sicherheitstag<\/a><\/li><li><a href=\"https:\/\/www.feuerwehr-kuden.de\/wcms\/2016\/fortbildung-hybridfahrzeuge\/\">Fortbildung Hybridfahrzeuge<\/a><\/li><li><a href=\"https:\/\/www.feuerwehr-kuden.de\/wcms\/2018\/drei-einsatze-in-einer-woche\/\">Drei Eins\u00e4tze in einer Woche<\/a><\/li><li><a href=\"https:\/\/www.feuerwehr-kuden.de\/wcms\/2017\/ausbildung-im-feuerdrachen\/\">Ausbildung im Feuerdrachen<\/a><\/li><li><a href=\"https:\/\/www.feuerwehr-kuden.de\/wcms\/2016\/feu-2-rauchentwicklung-aus-reetgebaude\/\">FEU 4 - Rauchentwicklung aus Reetgeb\u00e4ude<\/a><\/li><li><a href=\"https:\/\/www.feuerwehr-kuden.de\/wcms\/2016\/funkubung-in-averlak\/\">Funk\u00fcbung in Averlak<\/a><\/li><li><a href=\"https:\/\/www.feuerwehr-kuden.de\/wcms\/2016\/loschhilfe-feu-2-y-in-dingen\/\">L\u00f6schhilfe (FEU 2 Y) in Dingen<\/a><\/li><li><a href=\"https:\/\/www.feuerwehr-kuden.de\/wcms\/2017\/feuerwehr-mal-anders\/\">Feuerwehr mal anders<\/a><\/li><li><a href=\"https:\/\/www.feuerwehr-kuden.de\/wcms\/2017\/einsatz-0117-rauchmelder-warnt-bewohner\/\">Einsatz 01\/17 Rauchmelder warnt Bewohner <\/a><\/li><li><a href=\"https:\/\/www.feuerwehr-kuden.de\/wcms\/2017\/maifeuer-am-30-4-2017-shuttle-ab-18-00-uhr\/\">Stimmungsvolles Maifeuer<\/a><\/li><li><a href=\"https:\/\/www.feuerwehr-kuden.de\/wcms\/2017\/einsatz-022017\/\">Einsatz 02\/2017<\/a><\/li><li><a href=\"https:\/\/www.feuerwehr-kuden.de\/wcms\/2017\/unwetterlage-verhaltensanweisung\/\">Unwetterlage\/ Verhaltensanweisung<\/a><\/li><li><a href=\"https:\/\/www.feuerwehr-kuden.de\/wcms\/2017\/ubungsdienst-mit-halligan-tool\/\">\u00dcbungsdienst mit Halligan-Tool<\/a><\/li><li><a href=\"https:\/\/www.feuerwehr-kuden.de\/wcms\/2017\/wachverlegung-inkl-brandsicherheitswache\/\">Wachverlegung inkl. Brandsicherheitswache<\/a><\/li><li><a href=\"https:\/\/www.feuerwehr-kuden.de\/wcms\/2017\/einsatz-05-2017\/\">Einsatz 05\/ 2017<\/a><\/li><li><a href=\"https:\/\/www.feuerwehr-kuden.de\/wcms\/2017\/trainingstag-an-der-landesfeuerwehrschule\/\">Trainingstag an der Landesfeuerwehrschule<\/a><\/li><li><a href=\"https:\/\/www.feuerwehr-kuden.de\/wcms\/2018\/neuer-wehrfuhrer-mit-28-jahren\/\">Neuer Wehrf\u00fchrer mit 28 Jahren<\/a><\/li><li><a href=\"https:\/\/www.feuerwehr-kuden.de\/wcms\/2018\/einsatz-12018\/\">Einsatz 1\/2018<\/a><\/li><li><a href=\"https:\/\/www.feuerwehr-kuden.de\/wcms\/2018\/einsatz-02-2108\/\">Einsatz 02\/ 2108<\/a><\/li><li><a href=\"https:\/\/www.feuerwehr-kuden.de\/wcms\/2019\/neue-spinde-fuer-die-halle\/\">Neue Spinde f\u00fcr die Halle<\/a><\/li><li><a href=\"https:\/\/www.feuerwehr-kuden.de\/wcms\/2019\/feuerwehrhochzeit\/\">Feuerwehrhochzeit<\/a><\/li><li><a href=\"https:\/\/www.feuerwehr-kuden.de\/wcms\/2019\/hydrantenpflege\/\">Hydrantenpflege<\/a><\/li><li><a href=\"https:\/\/www.feuerwehr-kuden.de\/wcms\/2019\/kino-auf-platt-brandnest-wat-mutt-dat-mutt\/\">Kino auf Platt: \"Brandnest - Wat mutt, dat mutt\"<\/a><\/li><li><a href=\"https:\/\/www.feuerwehr-kuden.de\/wcms\/2020\/zwei-einsaetze-an-einem-tag\/\">Zwei Eins\u00e4tze an einem Tag<\/a><\/li><li><a href=\"https:\/\/www.feuerwehr-kuden.de\/wcms\/2022\/training-mit-zwei-staffeln\/\">Training mit zwei Staffeln<\/a><\/li><\/ul><\/ul><h2 class=\"kwayy-html-sitemap-post-title kwayy-page-title\">Seiten<\/h2><ul class=\"kwayy-html-sitemap-post-list kwayy-page-list\"><ul><li><a href=\"https:\/\/www.feuerwehr-kuden.de\/wcms\/impressum\/\">Impressum<\/a><\/li><li><a href=\"https:\/\/www.feuerwehr-kuden.de\/wcms\/startseite\/\">Startseite<\/a><\/li><li><a href=\"https:\/\/www.feuerwehr-kuden.de\/wcms\/kontakt\/\">Kontakt<\/a><\/li><li><a href=\"https:\/\/www.feuerwehr-kuden.de\/wcms\/ihre-sicherheit\/\">Ihre Sicherheit<\/a><ul><li><a href=\"https:\/\/www.feuerwehr-kuden.de\/wcms\/ihre-sicherheit\/rauchmelder-retten-ihr-leben\/\">Rauchmelder retten Ihr Leben<\/a><\/li><\/ul><\/li><li><a href=\"https:\/\/www.feuerwehr-kuden.de\/wcms\/einsatze\/\">Eins\u00e4tze<\/a><\/li><li><a href=\"https:\/\/www.feuerwehr-kuden.de\/wcms\/links\/\">Links<\/a><\/li><li><a href=\"https:\/\/www.feuerwehr-kuden.de\/wcms\/presse\/\">Presse<\/a><\/li><li><a href=\"https:\/\/www.feuerwehr-kuden.de\/wcms\/wir-ueber-uns\/\">Wir \u00fcber uns<\/a><ul><li><a href=\"https:\/\/www.feuerwehr-kuden.de\/wcms\/wir-ueber-uns\/termine\/\">Termine<\/a><\/li><li><a href=\"https:\/\/www.feuerwehr-kuden.de\/wcms\/wir-ueber-uns\/geschichte-der-feuerwehr\/\">Geschichte der Feuerwehr<\/a><\/li><li><a href=\"https:\/\/www.feuerwehr-kuden.de\/wcms\/wir-ueber-uns\/vorstand\/\">Vorstand & Funktionstr\u00e4ger<\/a><\/li><\/ul><\/li><li><a href=\"https:\/\/www.feuerwehr-kuden.de\/wcms\/feuer-anmelden\/\">Brandschutzerziehung<\/a><ul><li><a href=\"https:\/\/www.feuerwehr-kuden.de\/wcms\/feuer-anmelden\/modularer-aufbau\/\">Modularer Aufbau<\/a><\/li><\/ul><\/li><li><a href=\"https:\/\/www.feuerwehr-kuden.de\/wcms\/bilder\/\">Bildergalerie<\/a><ul><li><a href=\"https:\/\/www.feuerwehr-kuden.de\/wcms\/bilder\/westkustenmarsch-2012\/\">Westk\u00fcstenmarsch 2012<\/a><\/li><li><a href=\"https:\/\/www.feuerwehr-kuden.de\/wcms\/bilder\/amtswehrfest-2012\/\">Amtswehrfest 2012<\/a><\/li><\/ul><\/li><\/ul><\/ul><\/div> <!-- .kwayy-html-sitemap-wrapper -->\n","protected":false},"excerpt":{"rendered":"Beitr\u00e4ge12. Mai-Einladung f\u00fcr Dich&#8230;\u00dcbergabe FirmenspendeModul AtemschutznotfallFeuerwehrf\u00fchrerschein bestandenFeuerwehr hilft beim ArtenschutzFeuerwehrmann stirbt bei Brandeinsatz\u00dcbung in beengten Stra\u00dfenStationsausbildungInnenminister ehrt Hauke WulffDritte Stufe der Brandschutzerziehung erfolgreich gez\u00fcndetForum Brandschutzerziehung &hellip;","protected":false},"author":2,"featured_media":0,"parent":0,"menu_order":0,"comment_status":"closed","ping_status":"open","template":"","meta":{"ngg_post_thumbnail":0,"_mc_calendar":[]},"_links":{"self":[{"href":"https:\/\/www.feuerwehr-kuden.de\/wcms\/wp-json\/wp\/v2\/pages\/26"}],"collection":[{"href":"https:\/\/www.feuerwehr-kuden.de\/wcms\/wp-json\/wp\/v2\/pages"}],"about":[{"href":"https:\/\/www.feuerwehr-kuden.de\/wcms\/wp-json\/wp\/v2\/types\/page"}],"author":[{"embeddable":true,"href":"https:\/\/www.feuerwehr-kuden.de\/wcms\/wp-json\/wp\/v2\/users\/2"}],"replies":[{"embeddable":true,"href":"https:\/\/www.feuerwehr-kuden.de\/wcms\/wp-json\/wp\/v2\/comments?post=26"}],"version-history":[{"count":1,"href":"https:\/\/www.feuerwehr-kuden.de\/wcms\/wp-json\/wp\/v2\/pages\/26\/revisions"}],"predecessor-version":[{"id":27,"href":"https:\/\/www.feuerwehr-kuden.de\/wcms\/wp-json\/wp\/v2\/pages\/26\/revisions\/27"}],"wp:attachment":[{"href":"https:\/\/www.feuerwehr-kuden.de\/wcms\/wp-json\/wp\/v2\/media?parent=26"}],"curies":[{"name":"wp","href":"https:\/\/api.w.org\/{rel}","templated":true}]}}